{"id":5198,"date":"2025-10-24T19:03:22","date_gmt":"2025-10-24T17:03:22","guid":{"rendered":"https:\/\/paal-webstudio.hu\/?page_id=5198"},"modified":"2025-10-25T19:14:37","modified_gmt":"2025-10-25T17:14:37","slug":"impresszum","status":"publish","type":"page","link":"https:\/\/paal-webstudio.hu\/en\/impresszum\/","title":{"rendered":"masthead"},"content":{"rendered":"<p>C\u00e9gn\u00e9v: Sablon Kft.<br \/>\nC\u00edm: 1234 V\u00e1ros, Sablon utca 123.<br \/>\nTelefon: 36 30 123 4567<br \/>\nE-mail: hello@sablonwebshop.hu<br \/>\nInternet: sablonwebshop.hu<br \/>\nA c\u00e9get bejegyz\u0151 hat\u00f3s\u00e1g: F\u0151v\u00e1rosi C\u00e9gb\u00edr\u00f3s\u00e1g<br \/>\nC\u00e9gjegyz\u00e9ksz\u00e1m: 12-34-567890<br \/>\nAd\u00f3sz\u00e1m: 12345678-9-01<br \/>\nHat\u00f3s\u00e1gi enged\u00e9ly: 123456<br \/>\nKamara: Budapesti Kereskedelmi \u00e9s Iparkamara (BKIK)<br \/>\nT\u00e1rhelyszolg\u00e1ltat\u00f3: T\u00e1rhely Szolg\u00e1ltat\u00f3 Kft. (1234 V\u00e1ros, Minta utca 123.,<br \/>\ninfo@tarhelyszolgaltato.hu)<\/p>","protected":false},"excerpt":{"rendered":"<p>C\u00e9gn\u00e9v: Sablon Kft. C\u00edm: 1234 V\u00e1ros, Sablon utca 123. Telefon: 36 30 123 4567 E-mail: hello@sablonwebshop.hu Internet: sablonwebshop.hu A c\u00e9get bejegyz\u0151 hat\u00f3s\u00e1g: F\u0151v\u00e1rosi C\u00e9gb\u00edr\u00f3s\u00e1g C\u00e9gjegyz\u00e9ksz\u00e1m: 12-34-567890 Ad\u00f3sz\u00e1m: 12345678-9-01 Hat\u00f3s\u00e1gi enged\u00e9ly: 123456 Kamara: Budapesti Kereskedelmi \u00e9s Iparkamara (BKIK) T\u00e1rhelyszolg\u00e1ltat\u00f3: T\u00e1rhely Szolg\u00e1ltat\u00f3 Kft. (1234 V\u00e1ros, Minta utca 123., info@tarhelyszolgaltato.hu)<\/p>","protected":false},"author":1,"featured_media":0,"parent":0,"menu_order":0,"comment_status":"closed","ping_status":"closed","template":"elementor_header_footer","meta":{"site-sidebar-layout":"default","site-content-layout":"","ast-site-content-layout":"default","site-content-style":"default","site-sidebar-style":"default","ast-global-header-display":"","ast-banner-title-visibility":"","ast-main-header-display":"","ast-hfb-above-header-display":"","ast-hfb-below-header-display":"","ast-hfb-mobile-header-display":"","site-post-title":"","ast-breadcrumbs-content":"","ast-featured-img":"","footer-sml-layout":"","ast-disable-related-posts":"","theme-transparent-header-meta":"default","adv-header-id-meta":"","stick-header-meta":"","header-above-stick-meta":"","header-main-stick-meta":"","header-below-stick-meta":"","astra-migrate-meta-layouts":"set","ast-page-background-enabled":"default","ast-page-background-meta":{"desktop":{"background-color":"","background-image":"","background-repeat":"repeat","background-position":"center center","background-size":"auto","background-attachment":"scroll","background-type":"","background-media":"","overlay-type":"","overlay-color":"","overlay-opacity":"","overlay-gradient":""},"tablet":{"background-color":"","background-image":"","background-repeat":"repeat","background-position":"center center","background-size":"auto","background-attachment":"scroll","background-type":"","background-media":"","overlay-type":"","overlay-color":"","overlay-opacity":"","overlay-gradient":""},"mobile":{"background-color":"","background-image":"","background-repeat":"repeat","background-position":"center center","background-size":"auto","background-attachment":"scroll","background-type":"","background-media":"","overlay-type":"","overlay-color":"","overlay-opacity":"","overlay-gradient":""}},"ast-content-background-meta":{"desktop":{"background-color":"var(--ast-global-color-5)","background-image":"","background-repeat":"repeat","background-position":"center center","background-size":"auto","background-attachment":"scroll","background-type":"","background-media":"","overlay-type":"","overlay-color":"","overlay-opacity":"","overlay-gradient":""},"tablet":{"background-color":"var(--ast-global-color-5)","background-image":"","background-repeat":"repeat","background-position":"center center","background-size":"auto","background-attachment":"scroll","background-type":"","background-media":"","overlay-type":"","overlay-color":"","overlay-opacity":"","overlay-gradient":""},"mobile":{"background-color":"var(--ast-global-color-5)","background-image":"","background-repeat":"repeat","background-position":"center center","background-size":"auto","background-attachment":"scroll","background-type":"","background-media":"","overlay-type":"","overlay-color":"","overlay-opacity":"","overlay-gradient":""}},"footnotes":""},"class_list":["post-5198","page","type-page","status-publish","hentry"],"yoast_head":"<!-- This site is optimized with the Yoast SEO plugin v27.4 - https:\/\/yoast.com\/product\/yoast-seo-wordpress\/ -->\n<title>Impresszum - paal-webstudio.hu<\/title>\n<meta name=\"robots\" content=\"index, follow, max-snippet:-1, max-image-preview:large, max-video-preview:-1\" \/>\n<link rel=\"canonical\" href=\"https:\/\/paal-webstudio.hu\/en\/impresszum\/\" \/>\n<meta property=\"og:locale\" content=\"en_GB\" \/>\n<meta property=\"og:type\" content=\"article\" \/>\n<meta property=\"og:title\" content=\"Impresszum - paal-webstudio.hu\" \/>\n<meta property=\"og:description\" content=\"C\u00e9gn\u00e9v: Sablon Kft. C\u00edm: 1234 V\u00e1ros, Sablon utca 123. Telefon: 36 30 123 4567 E-mail: hello@sablonwebshop.hu Internet: sablonwebshop.hu A c\u00e9get bejegyz\u0151 hat\u00f3s\u00e1g: F\u0151v\u00e1rosi C\u00e9gb\u00edr\u00f3s\u00e1g C\u00e9gjegyz\u00e9ksz\u00e1m: 12-34-567890 Ad\u00f3sz\u00e1m: 12345678-9-01 Hat\u00f3s\u00e1gi enged\u00e9ly: 123456 Kamara: Budapesti Kereskedelmi \u00e9s Iparkamara (BKIK) T\u00e1rhelyszolg\u00e1ltat\u00f3: T\u00e1rhely Szolg\u00e1ltat\u00f3 Kft. (1234 V\u00e1ros, Minta utca 123., info@tarhelyszolgaltato.hu)\" \/>\n<meta property=\"og:url\" content=\"https:\/\/paal-webstudio.hu\/en\/impresszum\/\" \/>\n<meta property=\"og:site_name\" content=\"paal-webstudio.hu\" \/>\n<meta property=\"article:publisher\" content=\"https:\/\/www.facebook.com\/profile.php?id=61578192892154\" \/>\n<meta property=\"article:modified_time\" content=\"2025-10-25T17:14:37+00:00\" \/>\n<meta name=\"twitter:card\" content=\"summary_large_image\" \/>\n<meta name=\"twitter:label1\" content=\"Estimated reading time\" \/>\n\t<meta name=\"twitter:data1\" content=\"1 minute\" \/>\n<script type=\"application\/ld+json\" class=\"yoast-schema-graph\">{\"@context\":\"https:\\\/\\\/schema.org\",\"@graph\":[{\"@type\":\"WebPage\",\"@id\":\"https:\\\/\\\/paal-webstudio.hu\\\/impresszum\\\/\",\"url\":\"https:\\\/\\\/paal-webstudio.hu\\\/impresszum\\\/\",\"name\":\"Impresszum - paal-webstudio.hu\",\"isPartOf\":{\"@id\":\"https:\\\/\\\/paal-webstudio.hu\\\/#website\"},\"datePublished\":\"2025-10-24T17:03:22+00:00\",\"dateModified\":\"2025-10-25T17:14:37+00:00\",\"breadcrumb\":{\"@id\":\"https:\\\/\\\/paal-webstudio.hu\\\/impresszum\\\/#breadcrumb\"},\"inLanguage\":\"en-GB\",\"potentialAction\":[{\"@type\":\"ReadAction\",\"target\":[\"https:\\\/\\\/paal-webstudio.hu\\\/impresszum\\\/\"]}]},{\"@type\":\"BreadcrumbList\",\"@id\":\"https:\\\/\\\/paal-webstudio.hu\\\/impresszum\\\/#breadcrumb\",\"itemListElement\":[{\"@type\":\"ListItem\",\"position\":1,\"name\":\"Kezd\u0151lap\",\"item\":\"https:\\\/\\\/paal-webstudio.hu\\\/\"},{\"@type\":\"ListItem\",\"position\":2,\"name\":\"Impresszum\"}]},{\"@type\":\"WebSite\",\"@id\":\"https:\\\/\\\/paal-webstudio.hu\\\/#website\",\"url\":\"https:\\\/\\\/paal-webstudio.hu\\\/\",\"name\":\"paal-webstudio.hu\",\"description\":\"weboldal k\u00e9sz\u00edt\u00e9s S\u00e1rv\u00e1r \u00e9s K\u00f6rny\u00e9ke!\",\"publisher\":{\"@id\":\"https:\\\/\\\/paal-webstudio.hu\\\/#organization\"},\"potentialAction\":[{\"@type\":\"SearchAction\",\"target\":{\"@type\":\"EntryPoint\",\"urlTemplate\":\"https:\\\/\\\/paal-webstudio.hu\\\/?s={search_term_string}\"},\"query-input\":{\"@type\":\"PropertyValueSpecification\",\"valueRequired\":true,\"valueName\":\"search_term_string\"}}],\"inLanguage\":\"en-GB\"},{\"@type\":\"Organization\",\"@id\":\"https:\\\/\\\/paal-webstudio.hu\\\/#organization\",\"name\":\"paal-webstudio.hu\",\"url\":\"https:\\\/\\\/paal-webstudio.hu\\\/\",\"logo\":{\"@type\":\"ImageObject\",\"inLanguage\":\"en-GB\",\"@id\":\"https:\\\/\\\/paal-webstudio.hu\\\/#\\\/schema\\\/logo\\\/image\\\/\",\"url\":\"https:\\\/\\\/paal-webstudio.hu\\\/wp-content\\\/uploads\\\/2025\\\/06\\\/cropped-ChatGPT-Image-2025.-jun.-24.-12_15_33-1-1.webp\",\"contentUrl\":\"https:\\\/\\\/paal-webstudio.hu\\\/wp-content\\\/uploads\\\/2025\\\/06\\\/cropped-ChatGPT-Image-2025.-jun.-24.-12_15_33-1-1.webp\",\"width\":512,\"height\":512,\"caption\":\"paal-webstudio.hu\"},\"image\":{\"@id\":\"https:\\\/\\\/paal-webstudio.hu\\\/#\\\/schema\\\/logo\\\/image\\\/\"},\"sameAs\":[\"https:\\\/\\\/www.facebook.com\\\/profile.php?id=61578192892154\",\"https:\\\/\\\/www.linkedin.com\\\/in\\\/rpd-pal-1b7190349\\\/\",\"https:\\\/\\\/www.instagram.com\\\/paalarpad\\\/\"]}]}<\/script>\n<!-- \/ Yoast SEO plugin. -->","yoast_head_json":{"title":"Impresszum - paal-webstudio.hu","robots":{"index":"index","follow":"follow","max-snippet":"max-snippet:-1","max-image-preview":"max-image-preview:large","max-video-preview":"max-video-preview:-1"},"canonical":"https:\/\/paal-webstudio.hu\/en\/impresszum\/","og_locale":"en_GB","og_type":"article","og_title":"Impresszum - paal-webstudio.hu","og_description":"C\u00e9gn\u00e9v: Sablon Kft. C\u00edm: 1234 V\u00e1ros, Sablon utca 123. Telefon: 36 30 123 4567 E-mail: hello@sablonwebshop.hu Internet: sablonwebshop.hu A c\u00e9get bejegyz\u0151 hat\u00f3s\u00e1g: F\u0151v\u00e1rosi C\u00e9gb\u00edr\u00f3s\u00e1g C\u00e9gjegyz\u00e9ksz\u00e1m: 12-34-567890 Ad\u00f3sz\u00e1m: 12345678-9-01 Hat\u00f3s\u00e1gi enged\u00e9ly: 123456 Kamara: Budapesti Kereskedelmi \u00e9s Iparkamara (BKIK) T\u00e1rhelyszolg\u00e1ltat\u00f3: T\u00e1rhely Szolg\u00e1ltat\u00f3 Kft. (1234 V\u00e1ros, Minta utca 123., info@tarhelyszolgaltato.hu)","og_url":"https:\/\/paal-webstudio.hu\/en\/impresszum\/","og_site_name":"paal-webstudio.hu","article_publisher":"https:\/\/www.facebook.com\/profile.php?id=61578192892154","article_modified_time":"2025-10-25T17:14:37+00:00","twitter_card":"summary_large_image","twitter_misc":{"Estimated reading time":"1 minute"},"schema":{"@context":"https:\/\/schema.org","@graph":[{"@type":"WebPage","@id":"https:\/\/paal-webstudio.hu\/impresszum\/","url":"https:\/\/paal-webstudio.hu\/impresszum\/","name":"Impresszum - paal-webstudio.hu","isPartOf":{"@id":"https:\/\/paal-webstudio.hu\/#website"},"datePublished":"2025-10-24T17:03:22+00:00","dateModified":"2025-10-25T17:14:37+00:00","breadcrumb":{"@id":"https:\/\/paal-webstudio.hu\/impresszum\/#breadcrumb"},"inLanguage":"en-GB","potentialAction":[{"@type":"ReadAction","target":["https:\/\/paal-webstudio.hu\/impresszum\/"]}]},{"@type":"BreadcrumbList","@id":"https:\/\/paal-webstudio.hu\/impresszum\/#breadcrumb","itemListElement":[{"@type":"ListItem","position":1,"name":"Kezd\u0151lap","item":"https:\/\/paal-webstudio.hu\/"},{"@type":"ListItem","position":2,"name":"Impresszum"}]},{"@type":"WebSite","@id":"https:\/\/paal-webstudio.hu\/#website","url":"https:\/\/paal-webstudio.hu\/","name":"paal-webstudio.hu","description":"weboldal k\u00e9sz\u00edt\u00e9s S\u00e1rv\u00e1r \u00e9s K\u00f6rny\u00e9ke!","publisher":{"@id":"https:\/\/paal-webstudio.hu\/#organization"},"potentialAction":[{"@type":"SearchAction","target":{"@type":"EntryPoint","urlTemplate":"https:\/\/paal-webstudio.hu\/?s={search_term_string}"},"query-input":{"@type":"PropertyValueSpecification","valueRequired":true,"valueName":"search_term_string"}}],"inLanguage":"en-GB"},{"@type":"Organization","@id":"https:\/\/paal-webstudio.hu\/#organization","name":"paal-webstudio.hu","url":"https:\/\/paal-webstudio.hu\/","logo":{"@type":"ImageObject","inLanguage":"en-GB","@id":"https:\/\/paal-webstudio.hu\/#\/schema\/logo\/image\/","url":"https:\/\/paal-webstudio.hu\/wp-content\/uploads\/2025\/06\/cropped-ChatGPT-Image-2025.-jun.-24.-12_15_33-1-1.webp","contentUrl":"https:\/\/paal-webstudio.hu\/wp-content\/uploads\/2025\/06\/cropped-ChatGPT-Image-2025.-jun.-24.-12_15_33-1-1.webp","width":512,"height":512,"caption":"paal-webstudio.hu"},"image":{"@id":"https:\/\/paal-webstudio.hu\/#\/schema\/logo\/image\/"},"sameAs":["https:\/\/www.facebook.com\/profile.php?id=61578192892154","https:\/\/www.linkedin.com\/in\/rpd-pal-1b7190349\/","https:\/\/www.instagram.com\/paalarpad\/"]}]}},"_links":{"self":[{"href":"https:\/\/paal-webstudio.hu\/en\/wp-json\/wp\/v2\/pages\/5198","targetHints":{"allow":["GET"]}}],"collection":[{"href":"https:\/\/paal-webstudio.hu\/en\/wp-json\/wp\/v2\/pages"}],"about":[{"href":"https:\/\/paal-webstudio.hu\/en\/wp-json\/wp\/v2\/types\/page"}],"author":[{"embeddable":true,"href":"https:\/\/paal-webstudio.hu\/en\/wp-json\/wp\/v2\/users\/1"}],"replies":[{"embeddable":true,"href":"https:\/\/paal-webstudio.hu\/en\/wp-json\/wp\/v2\/comments?post=5198"}],"version-history":[{"count":4,"href":"https:\/\/paal-webstudio.hu\/en\/wp-json\/wp\/v2\/pages\/5198\/revisions"}],"predecessor-version":[{"id":5211,"href":"https:\/\/paal-webstudio.hu\/en\/wp-json\/wp\/v2\/pages\/5198\/revisions\/5211"}],"wp:attachment":[{"href":"https:\/\/paal-webstudio.hu\/en\/wp-json\/wp\/v2\/media?parent=5198"}],"curies":[{"name":"wp","href":"https:\/\/api.w.org\/{rel}","templated":true}]}}