{"id":4161,"date":"2025-09-16T13:46:04","date_gmt":"2025-09-16T13:46:04","guid":{"rendered":"https:\/\/paal-webstudio.hu\/?page_id=4161"},"modified":"2026-02-21T11:07:38","modified_gmt":"2026-02-21T10:07:38","slug":"kapcsolat","status":"publish","type":"page","link":"https:\/\/paal-webstudio.hu\/en\/kapcsolat\/","title":{"rendered":"Contact"},"content":{"rendered":"<div data-elementor-type=\"wp-page\" data-elementor-id=\"4161\" class=\"elementor elementor-4161\" data-elementor-post-type=\"page\">\n\t\t\t\t<div class=\"elementor-element elementor-element-9c48e88 e-flex e-con-boxed e-con e-parent\" data-id=\"9c48e88\" data-element_type=\"container\" data-e-type=\"container\">\n\t\t\t\t\t<div class=\"e-con-inner\">\n\t\t\t\t<div class=\"elementor-element elementor-element-ce406fd elementor-widget elementor-widget-heading\" data-id=\"ce406fd\" data-element_type=\"widget\" data-e-type=\"widget\" data-widget_type=\"heading.default\">\n\t\t\t\t<div class=\"elementor-widget-container\">\n\t\t\t\t\t<h2 class=\"elementor-heading-title elementor-size-default\">Kapcsolat \u2013 besz\u00e9lj\u00fcnk a weboldaladr\u00f3l<\/h2>\t\t\t\t<\/div>\n\t\t\t\t<\/div>\n\t\t\t\t<div class=\"elementor-element elementor-element-d15209f elementor-widget elementor-widget-text-editor\" data-id=\"d15209f\" data-element_type=\"widget\" data-e-type=\"widget\" data-widget_type=\"text-editor.default\">\n\t\t\t\t<div class=\"elementor-widget-container\">\n\t\t\t\t\t\t\t\t\t<p>Ha szeretn\u00e9l egy olyan weboldalt, amely <strong>nem csak jelen van, hanem \u00fcgyfeleket hoz<\/strong>, \u00edrj b\u00e1tran.<\/p>\t\t\t\t\t\t\t\t<\/div>\n\t\t\t\t<\/div>\n\t\t\t\t<div class=\"elementor-element elementor-element-970d8ed elementor-widget elementor-widget-heading\" data-id=\"970d8ed\" data-element_type=\"widget\" data-e-type=\"widget\" data-widget_type=\"heading.default\">\n\t\t\t\t<div class=\"elementor-widget-container\">\n\t\t\t\t\t<h2 class=\"elementor-heading-title elementor-size-default\"> Mi t\u00f6rt\u00e9nik kapcsolatfelv\u00e9tel ut\u00e1n?<\/h2>\t\t\t\t<\/div>\n\t\t\t\t<\/div>\n\t\t\t\t<div class=\"elementor-element elementor-element-49c55e3 elementor-widget elementor-widget-text-editor\" data-id=\"49c55e3\" data-element_type=\"widget\" data-e-type=\"widget\" data-widget_type=\"text-editor.default\">\n\t\t\t\t<div class=\"elementor-widget-container\">\n\t\t\t\t\t\t\t\t\t<p>Felveszem veled a kapcsolatot<\/p><p>\u00c1tbesz\u00e9lj\u00fck az ig\u00e9nyeket<\/p><p>Javaslatot kapsz<\/p><p>Eld\u00f6nt\u00f6d, hogy egy\u00fctt dolgozunk-e<\/p>\t\t\t\t\t\t\t\t<\/div>\n\t\t\t\t<\/div>\n\t\t\t\t\t<\/div>\n\t\t\t\t<\/div>\n\t\t<div class=\"elementor-element elementor-element-6c9bd6b e-flex e-con-boxed e-con e-parent\" data-id=\"6c9bd6b\" data-element_type=\"container\" data-e-type=\"container\">\n\t\t\t\t\t<div class=\"e-con-inner\">\n\t\t<div class=\"elementor-element elementor-element-f33e5a9 e-con-full e-flex e-con e-child\" data-id=\"f33e5a9\" data-element_type=\"container\" data-e-type=\"container\">\n\t\t\t\t<div class=\"elementor-element elementor-element-4d33a94 elementor-widget elementor-widget-text-editor\" data-id=\"4d33a94\" data-element_type=\"widget\" data-e-type=\"widget\" data-widget_type=\"text-editor.default\">\n\t\t\t\t<div class=\"elementor-widget-container\">\n\t\t\t\t\t\t\t\t\t<p>Email: info@paal-webstudio.hu<\/p><p>Phone: +3630\/4493948<\/p>\t\t\t\t\t\t\t\t<\/div>\n\t\t\t\t<\/div>\n\t\t\t\t<\/div>\n\t\t<div class=\"elementor-element elementor-element-bce0f04 e-con-full e-flex e-con e-child\" data-id=\"bce0f04\" data-element_type=\"container\" data-e-type=\"container\" data-settings=\"{&quot;background_background&quot;:&quot;classic&quot;}\">\n\t\t\t\t<div class=\"elementor-element elementor-element-cbd3116 elementor-align-center elementor-invisible elementor-widget elementor-widget-button\" data-id=\"cbd3116\" data-element_type=\"widget\" data-e-type=\"widget\" data-settings=\"{&quot;_animation&quot;:&quot;zoomInUp&quot;}\" data-widget_type=\"button.default\">\n\t\t\t\t<div class=\"elementor-widget-container\">\n\t\t\t\t\t\t\t\t\t<div class=\"elementor-button-wrapper\">\n\t\t\t\t\t<a class=\"elementor-button elementor-button-link elementor-size-sm\" href=\"https:\/\/paal-webstudio.hu\/weboldal-berles-sarvar-olcso-webmegoldas-vallalkozoknak-karbantartas-mentes-honlap-havi-weboldal-arak-vas-megye\/#urlap\">\n\t\t\t\t\t\t<span class=\"elementor-button-content-wrapper\">\n\t\t\t\t\t\t\t\t\t<span class=\"elementor-button-text\">Request a free consultation!<\/span>\n\t\t\t\t\t<\/span>\n\t\t\t\t\t<\/a>\n\t\t\t\t<\/div>\n\t\t\t\t\t\t\t\t<\/div>\n\t\t\t\t<\/div>\n\t\t\t\t<\/div>\n\t\t\t\t\t<\/div>\n\t\t\t\t<\/div>\n\t\t\t\t<\/div>","protected":false},"excerpt":{"rendered":"<p>Kapcsolat \u2013 besz\u00e9lj\u00fcnk a weboldaladr\u00f3l Ha szeretn\u00e9l egy olyan weboldalt, amely nem csak jelen van, hanem \u00fcgyfeleket hoz, \u00edrj b\u00e1tran. Mi t\u00f6rt\u00e9nik kapcsolatfelv\u00e9tel ut\u00e1n? Felveszem veled a kapcsolatot \u00c1tbesz\u00e9lj\u00fck az ig\u00e9nyeket Javaslatot kapsz Eld\u00f6nt\u00f6d, hogy egy\u00fctt dolgozunk-e Email: info@paal-webstudio.hu Telefon: +3630\/4493948 K\u00e9rj ingyenes konzult\u00e1ci\u00f3t!<\/p>","protected":false},"author":1,"featured_media":0,"parent":0,"menu_order":0,"comment_status":"closed","ping_status":"closed","template":"elementor_header_footer","meta":{"site-sidebar-layout":"no-sidebar","site-content-layout":"page-builder","ast-site-content-layout":"full-width-container","site-content-style":"default","site-sidebar-style":"default","ast-global-header-display":"","ast-banner-title-visibility":"","ast-main-header-display":"","ast-hfb-above-header-display":"","ast-hfb-below-header-display":"","ast-hfb-mobile-header-display":"","site-post-title":"","ast-breadcrumbs-content":"","ast-featured-img":"disabled","footer-sml-layout":"","ast-disable-related-posts":"","theme-transparent-header-meta":"default","adv-header-id-meta":"","stick-header-meta":"","header-above-stick-meta":"","header-main-stick-meta":"","header-below-stick-meta":"","astra-migrate-meta-layouts":"set","ast-page-background-enabled":"default","ast-page-background-meta":{"desktop":{"background-color":"","background-image":"","background-repeat":"repeat","background-position":"center center","background-size":"auto","background-attachment":"scroll","background-type":"","background-media":"","overlay-type":"","overlay-color":"","overlay-opacity":"","overlay-gradient":""},"tablet":{"background-color":"","background-image":"","background-repeat":"repeat","background-position":"center center","background-size":"auto","background-attachment":"scroll","background-type":"","background-media":"","overlay-type":"","overlay-color":"","overlay-opacity":"","overlay-gradient":""},"mobile":{"background-color":"","background-image":"","background-repeat":"repeat","background-position":"center center","background-size":"auto","background-attachment":"scroll","background-type":"","background-media":"","overlay-type":"","overlay-color":"","overlay-opacity":"","overlay-gradient":""}},"ast-content-background-meta":{"desktop":{"background-color":"var(--ast-global-color-5)","background-image":"","background-repeat":"repeat","background-position":"center center","background-size":"auto","background-attachment":"scroll","background-type":"","background-media":"","overlay-type":"","overlay-color":"","overlay-opacity":"","overlay-gradient":""},"tablet":{"background-color":"var(--ast-global-color-5)","background-image":"","background-repeat":"repeat","background-position":"center center","background-size":"auto","background-attachment":"scroll","background-type":"","background-media":"","overlay-type":"","overlay-color":"","overlay-opacity":"","overlay-gradient":""},"mobile":{"background-color":"var(--ast-global-color-5)","background-image":"","background-repeat":"repeat","background-position":"center center","background-size":"auto","background-attachment":"scroll","background-type":"","background-media":"","overlay-type":"","overlay-color":"","overlay-opacity":"","overlay-gradient":""}},"footnotes":""},"class_list":["post-4161","page","type-page","status-publish","hentry"],"yoast_head":"<!-- This site is optimized with the Yoast SEO plugin v27.4 - https:\/\/yoast.com\/product\/yoast-seo-wordpress\/ -->\n<title>Kapcsolat - paal-webstudio.hu<\/title>\n<meta name=\"robots\" content=\"index, follow, max-snippet:-1, max-image-preview:large, max-video-preview:-1\" \/>\n<link rel=\"canonical\" href=\"https:\/\/paal-webstudio.hu\/en\/kapcsolat\/\" \/>\n<meta property=\"og:locale\" content=\"en_GB\" \/>\n<meta property=\"og:type\" content=\"article\" \/>\n<meta property=\"og:title\" content=\"Kapcsolat - paal-webstudio.hu\" \/>\n<meta property=\"og:description\" content=\"Kapcsolat \u2013 besz\u00e9lj\u00fcnk a weboldaladr\u00f3l Ha szeretn\u00e9l egy olyan weboldalt, amely nem csak jelen van, hanem \u00fcgyfeleket hoz, \u00edrj b\u00e1tran. Mi t\u00f6rt\u00e9nik kapcsolatfelv\u00e9tel ut\u00e1n? Felveszem veled a kapcsolatot \u00c1tbesz\u00e9lj\u00fck az ig\u00e9nyeket Javaslatot kapsz Eld\u00f6nt\u00f6d, hogy egy\u00fctt dolgozunk-e Email: info@paal-webstudio.hu Telefon: +3630\/4493948 K\u00e9rj ingyenes konzult\u00e1ci\u00f3t!\" \/>\n<meta property=\"og:url\" content=\"https:\/\/paal-webstudio.hu\/en\/kapcsolat\/\" \/>\n<meta property=\"og:site_name\" content=\"paal-webstudio.hu\" \/>\n<meta property=\"article:publisher\" content=\"https:\/\/www.facebook.com\/profile.php?id=61578192892154\" \/>\n<meta property=\"article:modified_time\" content=\"2026-02-21T10:07:38+00:00\" \/>\n<meta name=\"twitter:card\" content=\"summary_large_image\" \/>\n<meta name=\"twitter:label1\" content=\"Estimated reading time\" \/>\n\t<meta name=\"twitter:data1\" content=\"1 minute\" \/>\n<script type=\"application\/ld+json\" class=\"yoast-schema-graph\">{\"@context\":\"https:\\\/\\\/schema.org\",\"@graph\":[{\"@type\":\"WebPage\",\"@id\":\"https:\\\/\\\/paal-webstudio.hu\\\/kapcsolat\\\/\",\"url\":\"https:\\\/\\\/paal-webstudio.hu\\\/kapcsolat\\\/\",\"name\":\"Kapcsolat - paal-webstudio.hu\",\"isPartOf\":{\"@id\":\"https:\\\/\\\/paal-webstudio.hu\\\/#website\"},\"datePublished\":\"2025-09-16T13:46:04+00:00\",\"dateModified\":\"2026-02-21T10:07:38+00:00\",\"breadcrumb\":{\"@id\":\"https:\\\/\\\/paal-webstudio.hu\\\/kapcsolat\\\/#breadcrumb\"},\"inLanguage\":\"en-GB\",\"potentialAction\":[{\"@type\":\"ReadAction\",\"target\":[\"https:\\\/\\\/paal-webstudio.hu\\\/kapcsolat\\\/\"]}]},{\"@type\":\"BreadcrumbList\",\"@id\":\"https:\\\/\\\/paal-webstudio.hu\\\/kapcsolat\\\/#breadcrumb\",\"itemListElement\":[{\"@type\":\"ListItem\",\"position\":1,\"name\":\"Kezd\u0151lap\",\"item\":\"https:\\\/\\\/paal-webstudio.hu\\\/\"},{\"@type\":\"ListItem\",\"position\":2,\"name\":\"Kapcsolat\"}]},{\"@type\":\"WebSite\",\"@id\":\"https:\\\/\\\/paal-webstudio.hu\\\/#website\",\"url\":\"https:\\\/\\\/paal-webstudio.hu\\\/\",\"name\":\"paal-webstudio.hu\",\"description\":\"weboldal k\u00e9sz\u00edt\u00e9s S\u00e1rv\u00e1r \u00e9s K\u00f6rny\u00e9ke!\",\"publisher\":{\"@id\":\"https:\\\/\\\/paal-webstudio.hu\\\/#organization\"},\"potentialAction\":[{\"@type\":\"SearchAction\",\"target\":{\"@type\":\"EntryPoint\",\"urlTemplate\":\"https:\\\/\\\/paal-webstudio.hu\\\/?s={search_term_string}\"},\"query-input\":{\"@type\":\"PropertyValueSpecification\",\"valueRequired\":true,\"valueName\":\"search_term_string\"}}],\"inLanguage\":\"en-GB\"},{\"@type\":\"Organization\",\"@id\":\"https:\\\/\\\/paal-webstudio.hu\\\/#organization\",\"name\":\"paal-webstudio.hu\",\"url\":\"https:\\\/\\\/paal-webstudio.hu\\\/\",\"logo\":{\"@type\":\"ImageObject\",\"inLanguage\":\"en-GB\",\"@id\":\"https:\\\/\\\/paal-webstudio.hu\\\/#\\\/schema\\\/logo\\\/image\\\/\",\"url\":\"https:\\\/\\\/paal-webstudio.hu\\\/wp-content\\\/uploads\\\/2025\\\/06\\\/cropped-ChatGPT-Image-2025.-jun.-24.-12_15_33-1-1.webp\",\"contentUrl\":\"https:\\\/\\\/paal-webstudio.hu\\\/wp-content\\\/uploads\\\/2025\\\/06\\\/cropped-ChatGPT-Image-2025.-jun.-24.-12_15_33-1-1.webp\",\"width\":512,\"height\":512,\"caption\":\"paal-webstudio.hu\"},\"image\":{\"@id\":\"https:\\\/\\\/paal-webstudio.hu\\\/#\\\/schema\\\/logo\\\/image\\\/\"},\"sameAs\":[\"https:\\\/\\\/www.facebook.com\\\/profile.php?id=61578192892154\",\"https:\\\/\\\/www.linkedin.com\\\/in\\\/rpd-pal-1b7190349\\\/\",\"https:\\\/\\\/www.instagram.com\\\/paalarpad\\\/\"]}]}<\/script>\n<!-- \/ Yoast SEO plugin. -->","yoast_head_json":{"title":"Contact - paal-webstudio.hu","robots":{"index":"index","follow":"follow","max-snippet":"max-snippet:-1","max-image-preview":"max-image-preview:large","max-video-preview":"max-video-preview:-1"},"canonical":"https:\/\/paal-webstudio.hu\/en\/kapcsolat\/","og_locale":"en_GB","og_type":"article","og_title":"Kapcsolat - paal-webstudio.hu","og_description":"Kapcsolat \u2013 besz\u00e9lj\u00fcnk a weboldaladr\u00f3l Ha szeretn\u00e9l egy olyan weboldalt, amely nem csak jelen van, hanem \u00fcgyfeleket hoz, \u00edrj b\u00e1tran. Mi t\u00f6rt\u00e9nik kapcsolatfelv\u00e9tel ut\u00e1n? Felveszem veled a kapcsolatot \u00c1tbesz\u00e9lj\u00fck az ig\u00e9nyeket Javaslatot kapsz Eld\u00f6nt\u00f6d, hogy egy\u00fctt dolgozunk-e Email: info@paal-webstudio.hu Telefon: +3630\/4493948 K\u00e9rj ingyenes konzult\u00e1ci\u00f3t!","og_url":"https:\/\/paal-webstudio.hu\/en\/kapcsolat\/","og_site_name":"paal-webstudio.hu","article_publisher":"https:\/\/www.facebook.com\/profile.php?id=61578192892154","article_modified_time":"2026-02-21T10:07:38+00:00","twitter_card":"summary_large_image","twitter_misc":{"Estimated reading time":"1 minute"},"schema":{"@context":"https:\/\/schema.org","@graph":[{"@type":"WebPage","@id":"https:\/\/paal-webstudio.hu\/kapcsolat\/","url":"https:\/\/paal-webstudio.hu\/kapcsolat\/","name":"Contact - paal-webstudio.hu","isPartOf":{"@id":"https:\/\/paal-webstudio.hu\/#website"},"datePublished":"2025-09-16T13:46:04+00:00","dateModified":"2026-02-21T10:07:38+00:00","breadcrumb":{"@id":"https:\/\/paal-webstudio.hu\/kapcsolat\/#breadcrumb"},"inLanguage":"en-GB","potentialAction":[{"@type":"ReadAction","target":["https:\/\/paal-webstudio.hu\/kapcsolat\/"]}]},{"@type":"BreadcrumbList","@id":"https:\/\/paal-webstudio.hu\/kapcsolat\/#breadcrumb","itemListElement":[{"@type":"ListItem","position":1,"name":"Kezd\u0151lap","item":"https:\/\/paal-webstudio.hu\/"},{"@type":"ListItem","position":2,"name":"Kapcsolat"}]},{"@type":"WebSite","@id":"https:\/\/paal-webstudio.hu\/#website","url":"https:\/\/paal-webstudio.hu\/","name":"paal-webstudio.hu","description":"weboldal k\u00e9sz\u00edt\u00e9s S\u00e1rv\u00e1r \u00e9s K\u00f6rny\u00e9ke!","publisher":{"@id":"https:\/\/paal-webstudio.hu\/#organization"},"potentialAction":[{"@type":"SearchAction","target":{"@type":"EntryPoint","urlTemplate":"https:\/\/paal-webstudio.hu\/?s={search_term_string}"},"query-input":{"@type":"PropertyValueSpecification","valueRequired":true,"valueName":"search_term_string"}}],"inLanguage":"en-GB"},{"@type":"Organization","@id":"https:\/\/paal-webstudio.hu\/#organization","name":"paal-webstudio.hu","url":"https:\/\/paal-webstudio.hu\/","logo":{"@type":"ImageObject","inLanguage":"en-GB","@id":"https:\/\/paal-webstudio.hu\/#\/schema\/logo\/image\/","url":"https:\/\/paal-webstudio.hu\/wp-content\/uploads\/2025\/06\/cropped-ChatGPT-Image-2025.-jun.-24.-12_15_33-1-1.webp","contentUrl":"https:\/\/paal-webstudio.hu\/wp-content\/uploads\/2025\/06\/cropped-ChatGPT-Image-2025.-jun.-24.-12_15_33-1-1.webp","width":512,"height":512,"caption":"paal-webstudio.hu"},"image":{"@id":"https:\/\/paal-webstudio.hu\/#\/schema\/logo\/image\/"},"sameAs":["https:\/\/www.facebook.com\/profile.php?id=61578192892154","https:\/\/www.linkedin.com\/in\/rpd-pal-1b7190349\/","https:\/\/www.instagram.com\/paalarpad\/"]}]}},"_links":{"self":[{"href":"https:\/\/paal-webstudio.hu\/en\/wp-json\/wp\/v2\/pages\/4161","targetHints":{"allow":["GET"]}}],"collection":[{"href":"https:\/\/paal-webstudio.hu\/en\/wp-json\/wp\/v2\/pages"}],"about":[{"href":"https:\/\/paal-webstudio.hu\/en\/wp-json\/wp\/v2\/types\/page"}],"author":[{"embeddable":true,"href":"https:\/\/paal-webstudio.hu\/en\/wp-json\/wp\/v2\/users\/1"}],"replies":[{"embeddable":true,"href":"https:\/\/paal-webstudio.hu\/en\/wp-json\/wp\/v2\/comments?post=4161"}],"version-history":[{"count":58,"href":"https:\/\/paal-webstudio.hu\/en\/wp-json\/wp\/v2\/pages\/4161\/revisions"}],"predecessor-version":[{"id":5909,"href":"https:\/\/paal-webstudio.hu\/en\/wp-json\/wp\/v2\/pages\/4161\/revisions\/5909"}],"wp:attachment":[{"href":"https:\/\/paal-webstudio.hu\/en\/wp-json\/wp\/v2\/media?parent=4161"}],"curies":[{"name":"wp","href":"https:\/\/api.w.org\/{rel}","templated":true}]}}